{"id":144,"date":"2024-06-30T22:13:10","date_gmt":"2024-06-30T22:13:10","guid":{"rendered":"https:\/\/estudiomaurocarrizo.cl\/?page_id=144"},"modified":"2026-03-26T21:04:17","modified_gmt":"2026-03-26T21:04:17","slug":"ficha-tecnica","status":"publish","type":"page","link":"https:\/\/estudiomaurocarrizo.cl\/index.php\/ficha-tecnica\/","title":{"rendered":"Ficha T\u00e9cnica"},"content":{"rendered":"\t\t<div data-elementor-type=\"wp-page\" data-elementor-id=\"144\" class=\"elementor elementor-144\">\n\t\t\t\t<div class=\"elementor-element elementor-element-b19efe3 e-flex e-con-boxed e-con e-parent\" data-id=\"b19efe3\" data-element_type=\"container\">\n\t\t\t\t\t<div class=\"e-con-inner\">\n\t\t\t\t<div class=\"elementor-element elementor-element-21cf9a2 elementor-widget elementor-widget-heading\" data-id=\"21cf9a2\" data-element_type=\"widget\" data-widget_type=\"heading.default\">\n\t\t\t\t<div class=\"elementor-widget-container\">\n\t\t\t<style>\/*! elementor - v3.23.0 - 15-07-2024 *\/\n.elementor-heading-title{padding:0;margin:0;line-height:1}.elementor-widget-heading .elementor-heading-title[class*=elementor-size-]>a{color:inherit;font-size:inherit;line-height:inherit}.elementor-widget-heading .elementor-heading-title.elementor-size-small{font-size:15px}.elementor-widget-heading .elementor-heading-title.elementor-size-medium{font-size:19px}.elementor-widget-heading .elementor-heading-title.elementor-size-large{font-size:29px}.elementor-widget-heading .elementor-heading-title.elementor-size-xl{font-size:39px}.elementor-widget-heading .elementor-heading-title.elementor-size-xxl{font-size:59px}<\/style><h2 class=\"elementor-heading-title elementor-size-default\">Ficha T\u00e9cnica<\/h2>\t\t<\/div>\n\t\t\t\t<\/div>\n\t\t\t\t\t<\/div>\n\t\t\t\t<\/div>\n\t\t<div class=\"elementor-element elementor-element-fa58b0b e-flex e-con-boxed e-con e-parent\" data-id=\"fa58b0b\" data-element_type=\"container\">\n\t\t\t\t\t<div class=\"e-con-inner\">\n\t\t\t\t<div class=\"elementor-element elementor-element-edab032 elementor-widget elementor-widget-image\" data-id=\"edab032\" data-element_type=\"widget\" data-widget_type=\"image.default\">\n\t\t\t\t<div class=\"elementor-widget-container\">\n\t\t\t<style>\/*! elementor - v3.23.0 - 15-07-2024 *\/\n.elementor-widget-image{text-align:center}.elementor-widget-image a{display:inline-block}.elementor-widget-image a img[src$=\".svg\"]{width:48px}.elementor-widget-image img{vertical-align:middle;display:inline-block}<\/style>\t\t\t\t\t\t\t\t\t\t<img fetchpriority=\"high\" decoding=\"async\" width=\"556\" height=\"371\" src=\"https:\/\/estudiomaurocarrizo.cl\/wp-content\/uploads\/2024\/07\/Consola.webp\" class=\"attachment-large size-large wp-image-464\" alt=\"\" srcset=\"https:\/\/estudiomaurocarrizo.cl\/wp-content\/uploads\/2024\/07\/Consola.webp 556w, https:\/\/estudiomaurocarrizo.cl\/wp-content\/uploads\/2024\/07\/Consola-300x200.jpg 300w\" sizes=\"(max-width: 556px) 100vw, 556px\" \/>\t\t\t\t\t\t\t\t\t\t\t\t\t<\/div>\n\t\t\t\t<\/div>\n\t\t\t\t\t<\/div>\n\t\t\t\t<\/div>\n\t\t<div class=\"elementor-element elementor-element-d44a502 e-flex e-con-boxed e-con e-parent\" data-id=\"d44a502\" data-element_type=\"container\">\n\t\t\t\t\t<div class=\"e-con-inner\">\n\t\t\t\t<div class=\"elementor-element elementor-element-68de912 elementor-widget elementor-widget-text-editor\" data-id=\"68de912\" data-element_type=\"widget\" data-widget_type=\"text-editor.default\">\n\t\t\t\t<div class=\"elementor-widget-container\">\n\t\t\t<style>\/*! elementor - v3.23.0 - 15-07-2024 *\/\n.elementor-widget-text-editor.elementor-drop-cap-view-stacked .elementor-drop-cap{background-color:#69727d;color:#fff}.elementor-widget-text-editor.elementor-drop-cap-view-framed .elementor-drop-cap{color:#69727d;border:3px solid;background-color:transparent}.elementor-widget-text-editor:not(.elementor-drop-cap-view-default) .elementor-drop-cap{margin-top:8px}.elementor-widget-text-editor:not(.elementor-drop-cap-view-default) .elementor-drop-cap-letter{width:1em;height:1em}.elementor-widget-text-editor .elementor-drop-cap{float:left;text-align:center;line-height:1;font-size:50px}.elementor-widget-text-editor .elementor-drop-cap-letter{display:inline-block}<\/style>\t\t\t\t<p><em>Ofreciendo una calidad de sonido de clase mundial y caracter\u00edsticas de vanguardia, Soundcraft Signature 22 MTK utiliza el mismo dise\u00f1o de circuito de sus mejores consolas, incluye sus ic\u00f3nicas configuraciones de Soundcraft\u00ae Ghostmic preamps de ultra bajo ruido. Con un rango din\u00e1mico y una claridad extraordinarios. Tambi\u00e9n incluye el renombrado Soundcraft\u00ae Sapphyre British EQ, as\u00ed como el galardonado motor de efectos integrados de estudio de Lexicon\u00ae,\u00a0 y limitadores de sonido estelar de dbx\u00ae.<\/em><\/p>\t\t\t\t\t\t<\/div>\n\t\t\t\t<\/div>\n\t\t\t\t\t<\/div>\n\t\t\t\t<\/div>\n\t\t<div class=\"elementor-element elementor-element-a701b2d e-flex e-con-boxed e-con e-parent\" data-id=\"a701b2d\" data-element_type=\"container\">\n\t\t\t\t\t<div class=\"e-con-inner\">\n\t\t\t\t<div class=\"elementor-element elementor-element-23bfa22 elementor-widget elementor-widget-text-editor\" data-id=\"23bfa22\" data-element_type=\"widget\" data-widget_type=\"text-editor.default\">\n\t\t\t\t<div class=\"elementor-widget-container\">\n\t\t\t\t\t\t\t<ul><li>Legendario sonido Brit\u00e1nico an\u00e1logo<\/li><li>Ic\u00f3nicos Soundcraft\u00ae Ghost Mic Preamps<\/li><li>Soundcraft\u00ae Sapphyre British EQ<\/li><li>Galardonada unidad de efectos Lexicon\u00ae<\/li><li>Limitadores dbx\u00ae<\/li><li>Compresores de alta relaci\u00f3n<\/li><li>Interface de Ultra-baja latencia<\/li><li>Enrutamiento completo de audio de la serie Soundcraft\u00ae\u00a0<sup>GB<\/sup><\/li><\/ul>\t\t\t\t\t\t<\/div>\n\t\t\t\t<\/div>\n\t\t\t\t\t<\/div>\n\t\t\t\t<\/div>\n\t\t<div class=\"elementor-element elementor-element-9778ec6 e-flex e-con-boxed e-con e-parent\" data-id=\"9778ec6\" data-element_type=\"container\">\n\t\t\t\t\t<div class=\"e-con-inner\">\n\t\t\t\t<div class=\"elementor-element elementor-element-0a2ac3c elementor-widget elementor-widget-image\" data-id=\"0a2ac3c\" data-element_type=\"widget\" data-widget_type=\"image.default\">\n\t\t\t\t<div class=\"elementor-widget-container\">\n\t\t\t\t\t\t\t\t\t\t\t\t\t<img decoding=\"async\" width=\"868\" height=\"76\" src=\"https:\/\/estudiomaurocarrizo.cl\/wp-content\/uploads\/2024\/07\/Soundcraft-Banner2.webp\" class=\"attachment-large size-large wp-image-473\" alt=\"\" srcset=\"https:\/\/estudiomaurocarrizo.cl\/wp-content\/uploads\/2024\/07\/Soundcraft-Banner2.webp 868w, https:\/\/estudiomaurocarrizo.cl\/wp-content\/uploads\/2024\/07\/Soundcraft-Banner2-300x26.jpg 300w, https:\/\/estudiomaurocarrizo.cl\/wp-content\/uploads\/2024\/07\/Soundcraft-Banner2-768x67.jpg 768w\" sizes=\"(max-width: 868px) 100vw, 868px\" \/>\t\t\t\t\t\t\t\t\t\t\t\t\t<\/div>\n\t\t\t\t<\/div>\n\t\t\t\t<div class=\"elementor-element elementor-element-d1a1795 elementor-widget-divider--view-line elementor-widget elementor-widget-divider\" data-id=\"d1a1795\" data-element_type=\"widget\" data-widget_type=\"divider.default\">\n\t\t\t\t<div class=\"elementor-widget-container\">\n\t\t\t<style>\/*! elementor - v3.23.0 - 15-07-2024 *\/\n.elementor-widget-divider{--divider-border-style:none;--divider-border-width:1px;--divider-color:#0c0d0e;--divider-icon-size:20px;--divider-element-spacing:10px;--divider-pattern-height:24px;--divider-pattern-size:20px;--divider-pattern-url:none;--divider-pattern-repeat:repeat-x}.elementor-widget-divider .elementor-divider{display:flex}.elementor-widget-divider .elementor-divider__text{font-size:15px;line-height:1;max-width:95%}.elementor-widget-divider .elementor-divider__element{margin:0 var(--divider-element-spacing);flex-shrink:0}.elementor-widget-divider .elementor-icon{font-size:var(--divider-icon-size)}.elementor-widget-divider .elementor-divider-separator{display:flex;margin:0;direction:ltr}.elementor-widget-divider--view-line_icon .elementor-divider-separator,.elementor-widget-divider--view-line_text .elementor-divider-separator{align-items:center}.elementor-widget-divider--view-line_icon .elementor-divider-separator:after,.elementor-widget-divider--view-line_icon .elementor-divider-separator:before,.elementor-widget-divider--view-line_text .elementor-divider-separator:after,.elementor-widget-divider--view-line_text .elementor-divider-separator:before{display:block;content:\"\";border-block-end:0;flex-grow:1;border-block-start:var(--divider-border-width) var(--divider-border-style) var(--divider-color)}.elementor-widget-divider--element-align-left .elementor-divider .elementor-divider-separator>.elementor-divider__svg:first-of-type{flex-grow:0;flex-shrink:100}.elementor-widget-divider--element-align-left .elementor-divider-separator:before{content:none}.elementor-widget-divider--element-align-left .elementor-divider__element{margin-left:0}.elementor-widget-divider--element-align-right .elementor-divider .elementor-divider-separator>.elementor-divider__svg:last-of-type{flex-grow:0;flex-shrink:100}.elementor-widget-divider--element-align-right .elementor-divider-separator:after{content:none}.elementor-widget-divider--element-align-right .elementor-divider__element{margin-right:0}.elementor-widget-divider--element-align-start .elementor-divider .elementor-divider-separator>.elementor-divider__svg:first-of-type{flex-grow:0;flex-shrink:100}.elementor-widget-divider--element-align-start .elementor-divider-separator:before{content:none}.elementor-widget-divider--element-align-start .elementor-divider__element{margin-inline-start:0}.elementor-widget-divider--element-align-end .elementor-divider .elementor-divider-separator>.elementor-divider__svg:last-of-type{flex-grow:0;flex-shrink:100}.elementor-widget-divider--element-align-end .elementor-divider-separator:after{content:none}.elementor-widget-divider--element-align-end .elementor-divider__element{margin-inline-end:0}.elementor-widget-divider:not(.elementor-widget-divider--view-line_text):not(.elementor-widget-divider--view-line_icon) .elementor-divider-separator{border-block-start:var(--divider-border-width) var(--divider-border-style) var(--divider-color)}.elementor-widget-divider--separator-type-pattern{--divider-border-style:none}.elementor-widget-divider--separator-type-pattern.elementor-widget-divider--view-line .elementor-divider-separator,.elementor-widget-divider--separator-type-pattern:not(.elementor-widget-divider--view-line) .elementor-divider-separator:after,.elementor-widget-divider--separator-type-pattern:not(.elementor-widget-divider--view-line) .elementor-divider-separator:before,.elementor-widget-divider--separator-type-pattern:not([class*=elementor-widget-divider--view]) .elementor-divider-separator{width:100%;min-height:var(--divider-pattern-height);-webkit-mask-size:var(--divider-pattern-size) 100%;mask-size:var(--divider-pattern-size) 100%;-webkit-mask-repeat:var(--divider-pattern-repeat);mask-repeat:var(--divider-pattern-repeat);background-color:var(--divider-color);-webkit-mask-image:var(--divider-pattern-url);mask-image:var(--divider-pattern-url)}.elementor-widget-divider--no-spacing{--divider-pattern-size:auto}.elementor-widget-divider--bg-round{--divider-pattern-repeat:round}.rtl .elementor-widget-divider .elementor-divider__text{direction:rtl}.e-con-inner>.elementor-widget-divider,.e-con>.elementor-widget-divider{width:var(--container-widget-width,100%);--flex-grow:var(--container-widget-flex-grow)}<\/style>\t\t<div class=\"elementor-divider\">\n\t\t\t<span class=\"elementor-divider-separator\">\n\t\t\t\t\t\t<\/span>\n\t\t<\/div>\n\t\t\t\t<\/div>\n\t\t\t\t<\/div>\n\t\t\t\t\t<\/div>\n\t\t\t\t<\/div>\n\t\t<div class=\"elementor-element elementor-element-93fddaa e-flex e-con-boxed e-con e-parent\" data-id=\"93fddaa\" data-element_type=\"container\">\n\t\t\t\t\t<div class=\"e-con-inner\">\n\t\t\t\t<div class=\"elementor-element elementor-element-c5c9cbd elementor-widget elementor-widget-heading\" data-id=\"c5c9cbd\" data-element_type=\"widget\" data-widget_type=\"heading.default\">\n\t\t\t\t<div class=\"elementor-widget-container\">\n\t\t\t<h2 class=\"elementor-heading-title elementor-size-default\">Microfon\u00eda<\/h2>\t\t<\/div>\n\t\t\t\t<\/div>\n\t\t\t\t\t<\/div>\n\t\t\t\t<\/div>\n\t\t<div class=\"elementor-element elementor-element-211362e e-flex e-con-boxed e-con e-parent\" data-id=\"211362e\" data-element_type=\"container\">\n\t\t\t\t\t<div class=\"e-con-inner\">\n\t\t\t\t<div class=\"elementor-element elementor-element-4459d40 elementor-widget elementor-widget-text-editor\" data-id=\"4459d40\" data-element_type=\"widget\" data-widget_type=\"text-editor.default\">\n\t\t\t\t<div class=\"elementor-widget-container\">\n\t\t\t\t\t\t\t<ul><li>Audiotechnica AT4040<\/li><li>RODE NT1\u00a0<\/li><li>RODE M5<\/li><li>Shure SM57<\/li><li>Shure Beta52A<\/li><li>Audix M5<\/li><\/ul>\t\t\t\t\t\t<\/div>\n\t\t\t\t<\/div>\n\t\t\t\t<div class=\"elementor-element elementor-element-bbc8b41 elementor-widget elementor-widget-image\" data-id=\"bbc8b41\" data-element_type=\"widget\" data-widget_type=\"image.default\">\n\t\t\t\t<div class=\"elementor-widget-container\">\n\t\t\t\t\t\t\t\t\t\t\t\t\t<img decoding=\"async\" width=\"741\" height=\"65\" src=\"https:\/\/estudiomaurocarrizo.cl\/wp-content\/uploads\/2024\/07\/Banner-microfonos.webp\" class=\"attachment-large size-large wp-image-523\" alt=\"\" srcset=\"https:\/\/estudiomaurocarrizo.cl\/wp-content\/uploads\/2024\/07\/Banner-microfonos.webp 741w, https:\/\/estudiomaurocarrizo.cl\/wp-content\/uploads\/2024\/07\/Banner-microfonos-300x26.jpg 300w\" sizes=\"(max-width: 741px) 100vw, 741px\" \/>\t\t\t\t\t\t\t\t\t\t\t\t\t<\/div>\n\t\t\t\t<\/div>\n\t\t\t\t\t<\/div>\n\t\t\t\t<\/div>\n\t\t<div class=\"elementor-element elementor-element-b943090 e-flex e-con-boxed e-con e-parent\" data-id=\"b943090\" data-element_type=\"container\">\n\t\t\t\t\t<div class=\"e-con-inner\">\n\t\t\t\t<div class=\"elementor-element elementor-element-5c65a77 elementor-widget-divider--view-line elementor-widget elementor-widget-divider\" data-id=\"5c65a77\" data-element_type=\"widget\" data-widget_type=\"divider.default\">\n\t\t\t\t<div class=\"elementor-widget-container\">\n\t\t\t\t\t<div class=\"elementor-divider\">\n\t\t\t<span class=\"elementor-divider-separator\">\n\t\t\t\t\t\t<\/span>\n\t\t<\/div>\n\t\t\t\t<\/div>\n\t\t\t\t<\/div>\n\t\t\t\t\t<\/div>\n\t\t\t\t<\/div>\n\t\t<div class=\"elementor-element elementor-element-4819827 e-flex e-con-boxed e-con e-parent\" data-id=\"4819827\" data-element_type=\"container\">\n\t\t\t\t\t<div class=\"e-con-inner\">\n\t\t\t\t<div class=\"elementor-element elementor-element-cdaa5d5 elementor-widget elementor-widget-heading\" data-id=\"cdaa5d5\" data-element_type=\"widget\" data-widget_type=\"heading.default\">\n\t\t\t\t<div class=\"elementor-widget-container\">\n\t\t\t<h2 class=\"elementor-heading-title elementor-size-default\">Amplificadores<\/h2>\t\t<\/div>\n\t\t\t\t<\/div>\n\t\t\t\t\t<\/div>\n\t\t\t\t<\/div>\n\t\t<div class=\"elementor-element elementor-element-e6482d9 e-flex e-con-boxed e-con e-parent\" data-id=\"e6482d9\" data-element_type=\"container\">\n\t\t\t\t\t<div class=\"e-con-inner\">\n\t\t\t\t<div class=\"elementor-element elementor-element-147c1dc elementor-widget elementor-widget-image\" data-id=\"147c1dc\" data-element_type=\"widget\" data-widget_type=\"image.default\">\n\t\t\t\t<div class=\"elementor-widget-container\">\n\t\t\t\t\t\t\t\t\t\t\t\t\t<img loading=\"lazy\" decoding=\"async\" width=\"741\" height=\"65\" src=\"https:\/\/estudiomaurocarrizo.cl\/wp-content\/uploads\/2024\/07\/Banner-amplificadores.webp\" class=\"attachment-large size-large wp-image-532\" alt=\"\" srcset=\"https:\/\/estudiomaurocarrizo.cl\/wp-content\/uploads\/2024\/07\/Banner-amplificadores.webp 741w, https:\/\/estudiomaurocarrizo.cl\/wp-content\/uploads\/2024\/07\/Banner-amplificadores-300x26.jpg 300w\" sizes=\"(max-width: 741px) 100vw, 741px\" \/>\t\t\t\t\t\t\t\t\t\t\t\t\t<\/div>\n\t\t\t\t<\/div>\n\t\t\t\t\t<\/div>\n\t\t\t\t<\/div>\n\t\t<div class=\"elementor-element elementor-element-24fd909 e-flex e-con-boxed e-con e-parent\" data-id=\"24fd909\" data-element_type=\"container\">\n\t\t\t\t\t<div class=\"e-con-inner\">\n\t\t\t\t<div class=\"elementor-element elementor-element-c433a73 elementor-widget-divider--view-line elementor-widget elementor-widget-divider\" data-id=\"c433a73\" data-element_type=\"widget\" data-widget_type=\"divider.default\">\n\t\t\t\t<div class=\"elementor-widget-container\">\n\t\t\t\t\t<div class=\"elementor-divider\">\n\t\t\t<span class=\"elementor-divider-separator\">\n\t\t\t\t\t\t<\/span>\n\t\t<\/div>\n\t\t\t\t<\/div>\n\t\t\t\t<\/div>\n\t\t\t\t\t<\/div>\n\t\t\t\t<\/div>\n\t\t<div class=\"elementor-element elementor-element-b562353 e-flex e-con-boxed e-con e-parent\" data-id=\"b562353\" data-element_type=\"container\">\n\t\t\t\t\t<div class=\"e-con-inner\">\n\t\t\t\t<div class=\"elementor-element elementor-element-c168073 elementor-widget elementor-widget-heading\" data-id=\"c168073\" data-element_type=\"widget\" data-widget_type=\"heading.default\">\n\t\t\t\t<div class=\"elementor-widget-container\">\n\t\t\t<h2 class=\"elementor-heading-title elementor-size-default\">Bater\u00eda<\/h2>\t\t<\/div>\n\t\t\t\t<\/div>\n\t\t\t\t\t<\/div>\n\t\t\t\t<\/div>\n\t\t<div class=\"elementor-element elementor-element-c101277 e-flex e-con-boxed e-con e-parent\" data-id=\"c101277\" data-element_type=\"container\">\n\t\t\t\t\t<div class=\"e-con-inner\">\n\t\t\t\t<div class=\"elementor-element elementor-element-ecfcb32 elementor-widget elementor-widget-image\" data-id=\"ecfcb32\" data-element_type=\"widget\" data-widget_type=\"image.default\">\n\t\t\t\t<div class=\"elementor-widget-container\">\n\t\t\t\t\t\t\t\t\t\t\t\t\t<img loading=\"lazy\" decoding=\"async\" width=\"889\" height=\"737\" src=\"https:\/\/estudiomaurocarrizo.cl\/wp-content\/uploads\/2024\/07\/Bateria.jpg\" class=\"attachment-large size-large wp-image-528\" alt=\"\" srcset=\"https:\/\/estudiomaurocarrizo.cl\/wp-content\/uploads\/2024\/07\/Bateria.jpg 889w, https:\/\/estudiomaurocarrizo.cl\/wp-content\/uploads\/2024\/07\/Bateria-300x249.jpg 300w, https:\/\/estudiomaurocarrizo.cl\/wp-content\/uploads\/2024\/07\/Bateria-768x637.jpg 768w\" sizes=\"(max-width: 889px) 100vw, 889px\" \/>\t\t\t\t\t\t\t\t\t\t\t\t\t<\/div>\n\t\t\t\t<\/div>\n\t\t\t\t\t<\/div>\n\t\t\t\t<\/div>\n\t\t<div class=\"elementor-element elementor-element-e3af2b7 e-flex e-con-boxed e-con e-parent\" data-id=\"e3af2b7\" data-element_type=\"container\">\n\t\t\t\t\t<div class=\"e-con-inner\">\n\t\t\t\t<div class=\"elementor-element elementor-element-00076cb elementor-widget elementor-widget-text-editor\" data-id=\"00076cb\" data-element_type=\"widget\" data-widget_type=\"text-editor.default\">\n\t\t\t\t<div class=\"elementor-widget-container\">\n\t\t\t\t\t\t\t<div class=\"flex-shrink-0 flex flex-col relative items-end\"><div class=\"pt-0.5\"><div class=\"gizmo-shadow-stroke flex h-6 w-6 items-center justify-center overflow-hidden rounded-full\"><div class=\"relative p-1 rounded-sm h-9 w-9 text-white flex items-center justify-center\">Con caracter\u00edsticas de nivel profesional, la\u00a0<strong>Serie Concept de PDP<\/strong>\u00a0ofrece un estilo original de alta calidad que se puede ver y escuchar.<\/div><\/div><\/div><\/div><p>Tama\u00f1o de los tambores: Bombo de 18\u00d722, 8\u00d710, 9\u00d712, 14x16F y caja de 5.5\u00d714.<br \/>Dise\u00f1ada en California, la serie Concept toma un look nuevo y fresco con un sonido que ha dado de que hablar en el mundo de la bater\u00eda.<br \/>Los toms de la serie est\u00e1n hechos con Arce Europeo de 7 capas y cuentan con un sistema STM<em>\u00a0(Suspension Tom mount System)<\/em>. Por otro lado, el Tom de piso cuenta con patas de acero fortalecido para mayor estabilidad y resonancia. Adem\u00e1s, el bombo est\u00e1 hecho con arce de 7 capas y cuenta con ganchos de garra de baja masa fundidos a presi\u00f3n. Toda la serie cuenta con varillas de tensi\u00f3n True Pitch de DW, acabados duraderos y\u00a0 tensores de doble torreta.<\/p>\t\t\t\t\t\t<\/div>\n\t\t\t\t<\/div>\n\t\t\t\t\t<\/div>\n\t\t\t\t<\/div>\n\t\t\t\t<\/div>\n\t\t","protected":false},"excerpt":{"rendered":"<p>Ficha T\u00e9cnica Ofreciendo una calidad de sonido de clase mundial y caracter\u00edsticas de vanguardia, Soundcraft Signature 22 MTK utiliza el mismo dise\u00f1o de circuito de sus mejores consolas, incluye sus ic\u00f3nicas configuraciones de Soundcraft\u00ae Ghostmic preamps de ultra bajo ruido. Con un rango din\u00e1mico y una claridad extraordinarios. Tambi\u00e9n incluye el renombrado Soundcraft\u00ae Sapphyre British [&hellip;]<\/p>\n","protected":false},"author":1,"featured_media":0,"parent":0,"menu_order":0,"comment_status":"closed","ping_status":"closed","template":"","meta":{"_joinchat":[],"footnotes":""},"class_list":["post-144","page","type-page","status-publish","hentry"],"jetpack_sharing_enabled":true,"_links":{"self":[{"href":"https:\/\/estudiomaurocarrizo.cl\/index.php\/wp-json\/wp\/v2\/pages\/144","targetHints":{"allow":["GET"]}}],"collection":[{"href":"https:\/\/estudiomaurocarrizo.cl\/index.php\/wp-json\/wp\/v2\/pages"}],"about":[{"href":"https:\/\/estudiomaurocarrizo.cl\/index.php\/wp-json\/wp\/v2\/types\/page"}],"author":[{"embeddable":true,"href":"https:\/\/estudiomaurocarrizo.cl\/index.php\/wp-json\/wp\/v2\/users\/1"}],"replies":[{"embeddable":true,"href":"https:\/\/estudiomaurocarrizo.cl\/index.php\/wp-json\/wp\/v2\/comments?post=144"}],"version-history":[{"count":101,"href":"https:\/\/estudiomaurocarrizo.cl\/index.php\/wp-json\/wp\/v2\/pages\/144\/revisions"}],"predecessor-version":[{"id":958,"href":"https:\/\/estudiomaurocarrizo.cl\/index.php\/wp-json\/wp\/v2\/pages\/144\/revisions\/958"}],"wp:attachment":[{"href":"https:\/\/estudiomaurocarrizo.cl\/index.php\/wp-json\/wp\/v2\/media?parent=144"}],"curies":[{"name":"wp","href":"https:\/\/api.w.org\/{rel}","templated":true}]}}