{"id":361,"date":"2024-07-02T02:13:53","date_gmt":"2024-07-02T02:13:53","guid":{"rendered":"https:\/\/estudiomaurocarrizo.cl\/?page_id=361"},"modified":"2026-03-26T21:24:09","modified_gmt":"2026-03-26T21:24:09","slug":"grabacion-multipista","status":"publish","type":"page","link":"https:\/\/estudiomaurocarrizo.cl\/index.php\/grabacion-multipista\/","title":{"rendered":"Grabaci\u00f3n MUltipista"},"content":{"rendered":"\t\t<div data-elementor-type=\"wp-page\" data-elementor-id=\"361\" class=\"elementor elementor-361\">\n\t\t\t\t<div class=\"elementor-element elementor-element-1b3f6c6 e-flex e-con-boxed e-con e-parent\" data-id=\"1b3f6c6\" data-element_type=\"container\">\n\t\t\t\t\t<div class=\"e-con-inner\">\n\t\t\t\t<div class=\"elementor-element elementor-element-d5d0bc0 elementor-widget elementor-widget-heading\" data-id=\"d5d0bc0\" data-element_type=\"widget\" data-widget_type=\"heading.default\">\n\t\t\t\t<div class=\"elementor-widget-container\">\n\t\t\t<style>\/*! elementor - v3.23.0 - 15-07-2024 *\/\n.elementor-heading-title{padding:0;margin:0;line-height:1}.elementor-widget-heading .elementor-heading-title[class*=elementor-size-]>a{color:inherit;font-size:inherit;line-height:inherit}.elementor-widget-heading .elementor-heading-title.elementor-size-small{font-size:15px}.elementor-widget-heading .elementor-heading-title.elementor-size-medium{font-size:19px}.elementor-widget-heading .elementor-heading-title.elementor-size-large{font-size:29px}.elementor-widget-heading .elementor-heading-title.elementor-size-xl{font-size:39px}.elementor-widget-heading .elementor-heading-title.elementor-size-xxl{font-size:59px}<\/style><h2 class=\"elementor-heading-title elementor-size-default\">GRABACI\u00d3N MULTIPISTA<\/h2>\t\t<\/div>\n\t\t\t\t<\/div>\n\t\t\t\t<div class=\"elementor-element elementor-element-4667f77 elementor-widget elementor-widget-text-editor\" data-id=\"4667f77\" data-element_type=\"widget\" data-widget_type=\"text-editor.default\">\n\t\t\t\t<div class=\"elementor-widget-container\">\n\t\t\t<style>\/*! elementor - v3.23.0 - 15-07-2024 *\/\n.elementor-widget-text-editor.elementor-drop-cap-view-stacked .elementor-drop-cap{background-color:#69727d;color:#fff}.elementor-widget-text-editor.elementor-drop-cap-view-framed .elementor-drop-cap{color:#69727d;border:3px solid;background-color:transparent}.elementor-widget-text-editor:not(.elementor-drop-cap-view-default) .elementor-drop-cap{margin-top:8px}.elementor-widget-text-editor:not(.elementor-drop-cap-view-default) .elementor-drop-cap-letter{width:1em;height:1em}.elementor-widget-text-editor .elementor-drop-cap{float:left;text-align:center;line-height:1;font-size:50px}.elementor-widget-text-editor .elementor-drop-cap-letter{display:inline-block}<\/style>\t\t\t\t<p><em>\u25cf Producci\u00f3n y Asesor\u00eda<\/em><\/p><p><em>\u25cf Edici\u00f3n, mezcla y masterizaci\u00f3n<\/em><\/p>\t\t\t\t\t\t<\/div>\n\t\t\t\t<\/div>\n\t\t\t\t\t<\/div>\n\t\t\t\t<\/div>\n\t\t<div class=\"elementor-element elementor-element-b967ac5 e-flex e-con-boxed e-con e-parent\" data-id=\"b967ac5\" data-element_type=\"container\">\n\t\t\t\t\t<div class=\"e-con-inner\">\n\t\t\t\t<div class=\"elementor-element elementor-element-0934ae6 elementor-widget elementor-widget-image\" data-id=\"0934ae6\" data-element_type=\"widget\" data-widget_type=\"image.default\">\n\t\t\t\t<div class=\"elementor-widget-container\">\n\t\t\t<style>\/*! elementor - v3.23.0 - 15-07-2024 *\/\n.elementor-widget-image{text-align:center}.elementor-widget-image a{display:inline-block}.elementor-widget-image a img[src$=\".svg\"]{width:48px}.elementor-widget-image img{vertical-align:middle;display:inline-block}<\/style>\t\t\t\t\t\t\t\t\t\t<img fetchpriority=\"high\" decoding=\"async\" width=\"1024\" height=\"768\" src=\"https:\/\/estudiomaurocarrizo.cl\/wp-content\/uploads\/2024\/07\/PSX_20201214_2234321-1024x768.jpg\" class=\"attachment-large size-large wp-image-286\" alt=\"\" srcset=\"https:\/\/estudiomaurocarrizo.cl\/wp-content\/uploads\/2024\/07\/PSX_20201214_2234321-1024x768.jpg 1024w, https:\/\/estudiomaurocarrizo.cl\/wp-content\/uploads\/2024\/07\/PSX_20201214_2234321-300x225.jpg 300w, https:\/\/estudiomaurocarrizo.cl\/wp-content\/uploads\/2024\/07\/PSX_20201214_2234321-768x576.jpg 768w, https:\/\/estudiomaurocarrizo.cl\/wp-content\/uploads\/2024\/07\/PSX_20201214_2234321-1536x1152.jpg 1536w, https:\/\/estudiomaurocarrizo.cl\/wp-content\/uploads\/2024\/07\/PSX_20201214_2234321-2048x1536.jpg 2048w\" sizes=\"(max-width: 1024px) 100vw, 1024px\" \/>\t\t\t\t\t\t\t\t\t\t\t\t\t<\/div>\n\t\t\t\t<\/div>\n\t\t\t\t\t<\/div>\n\t\t\t\t<\/div>\n\t\t<div class=\"elementor-element elementor-element-5b2607c e-flex e-con-boxed e-con e-parent\" data-id=\"5b2607c\" data-element_type=\"container\">\n\t\t\t\t\t<div class=\"e-con-inner\">\n\t\t\t\t<div class=\"elementor-element elementor-element-57cb82b elementor-widget elementor-widget-text-editor\" data-id=\"57cb82b\" data-element_type=\"widget\" data-widget_type=\"text-editor.default\">\n\t\t\t\t<div class=\"elementor-widget-container\">\n\t\t\t\t\t\t\t<p>Pronto m\u00e1s informaci\u00f3n.<\/p>\t\t\t\t\t\t<\/div>\n\t\t\t\t<\/div>\n\t\t\t\t\t<\/div>\n\t\t\t\t<\/div>\n\t\t<div class=\"elementor-element elementor-element-b0c69bd e-flex e-con-boxed e-con e-parent\" data-id=\"b0c69bd\" data-element_type=\"container\">\n\t\t\t\t\t<div class=\"e-con-inner\">\n\t\t\t\t<div class=\"elementor-element elementor-element-d7ea48d elementor-widget elementor-widget-image\" data-id=\"d7ea48d\" data-element_type=\"widget\" data-widget_type=\"image.default\">\n\t\t\t\t<div class=\"elementor-widget-container\">\n\t\t\t\t\t\t\t\t\t\t\t\t\t<img decoding=\"async\" width=\"1024\" height=\"824\" src=\"https:\/\/estudiomaurocarrizo.cl\/wp-content\/uploads\/2024\/07\/PSX_20210508_150418-1024x824.jpg\" class=\"attachment-large size-large wp-image-317\" alt=\"\" srcset=\"https:\/\/estudiomaurocarrizo.cl\/wp-content\/uploads\/2024\/07\/PSX_20210508_150418-1024x824.jpg 1024w, https:\/\/estudiomaurocarrizo.cl\/wp-content\/uploads\/2024\/07\/PSX_20210508_150418-300x241.jpg 300w, https:\/\/estudiomaurocarrizo.cl\/wp-content\/uploads\/2024\/07\/PSX_20210508_150418-768x618.jpg 768w, https:\/\/estudiomaurocarrizo.cl\/wp-content\/uploads\/2024\/07\/PSX_20210508_150418-1536x1236.jpg 1536w, https:\/\/estudiomaurocarrizo.cl\/wp-content\/uploads\/2024\/07\/PSX_20210508_150418-2048x1648.jpg 2048w\" sizes=\"(max-width: 1024px) 100vw, 1024px\" \/>\t\t\t\t\t\t\t\t\t\t\t\t\t<\/div>\n\t\t\t\t<\/div>\n\t\t\t\t\t<\/div>\n\t\t\t\t<\/div>\n\t\t<div class=\"elementor-element elementor-element-2e6bf99 e-flex e-con-boxed e-con e-parent\" data-id=\"2e6bf99\" data-element_type=\"container\">\n\t\t\t\t\t<div class=\"e-con-inner\">\n\t\t\t\t<div class=\"elementor-element elementor-element-c1e96be elementor-widget elementor-widget-text-editor\" data-id=\"c1e96be\" data-element_type=\"widget\" data-widget_type=\"text-editor.default\">\n\t\t\t\t<div class=\"elementor-widget-container\">\n\t\t\t\t\t\t\t<p>Pronto m\u00e1s informaci\u00f3n.<\/p>\t\t\t\t\t\t<\/div>\n\t\t\t\t<\/div>\n\t\t\t\t\t<\/div>\n\t\t\t\t<\/div>\n\t\t<div class=\"elementor-element elementor-element-3f87265 e-flex e-con-boxed e-con e-parent\" data-id=\"3f87265\" data-element_type=\"container\">\n\t\t\t\t\t<div class=\"e-con-inner\">\n\t\t\t\t<div class=\"elementor-element elementor-element-656275d elementor-widget elementor-widget-image\" data-id=\"656275d\" data-element_type=\"widget\" data-widget_type=\"image.default\">\n\t\t\t\t<div class=\"elementor-widget-container\">\n\t\t\t\t\t\t\t\t\t\t\t\t\t<img decoding=\"async\" width=\"1024\" height=\"576\" src=\"https:\/\/estudiomaurocarrizo.cl\/wp-content\/uploads\/2024\/07\/PSX_20180416_214641-1024x576.jpg\" class=\"attachment-large size-large wp-image-395\" alt=\"\" srcset=\"https:\/\/estudiomaurocarrizo.cl\/wp-content\/uploads\/2024\/07\/PSX_20180416_214641-1024x576.jpg 1024w, https:\/\/estudiomaurocarrizo.cl\/wp-content\/uploads\/2024\/07\/PSX_20180416_214641-300x169.jpg 300w, https:\/\/estudiomaurocarrizo.cl\/wp-content\/uploads\/2024\/07\/PSX_20180416_214641-768x432.jpg 768w, https:\/\/estudiomaurocarrizo.cl\/wp-content\/uploads\/2024\/07\/PSX_20180416_214641-1536x864.jpg 1536w, https:\/\/estudiomaurocarrizo.cl\/wp-content\/uploads\/2024\/07\/PSX_20180416_214641-2048x1152.jpg 2048w\" sizes=\"(max-width: 1024px) 100vw, 1024px\" \/>\t\t\t\t\t\t\t\t\t\t\t\t\t<\/div>\n\t\t\t\t<\/div>\n\t\t\t\t\t<\/div>\n\t\t\t\t<\/div>\n\t\t<div class=\"elementor-element elementor-element-ba03ab8 e-flex e-con-boxed e-con e-parent\" data-id=\"ba03ab8\" data-element_type=\"container\">\n\t\t\t\t\t<div class=\"e-con-inner\">\n\t\t\t\t<div class=\"elementor-element elementor-element-c65474c elementor-widget elementor-widget-text-editor\" data-id=\"c65474c\" data-element_type=\"widget\" data-widget_type=\"text-editor.default\">\n\t\t\t\t<div class=\"elementor-widget-container\">\n\t\t\t\t\t\t\t<p>Pronto m\u00e1s informaci\u00f3n.<\/p>\t\t\t\t\t\t<\/div>\n\t\t\t\t<\/div>\n\t\t\t\t\t<\/div>\n\t\t\t\t<\/div>\n\t\t<div class=\"elementor-element elementor-element-0ea690b e-flex e-con-boxed e-con e-parent\" data-id=\"0ea690b\" data-element_type=\"container\">\n\t\t\t\t\t<div class=\"e-con-inner\">\n\t\t\t\t<div class=\"elementor-element elementor-element-4f7ad3a elementor-widget elementor-widget-image\" data-id=\"4f7ad3a\" data-element_type=\"widget\" data-widget_type=\"image.default\">\n\t\t\t\t<div class=\"elementor-widget-container\">\n\t\t\t\t\t\t\t\t\t\t\t\t\t<img loading=\"lazy\" decoding=\"async\" width=\"1024\" height=\"768\" src=\"https:\/\/estudiomaurocarrizo.cl\/wp-content\/uploads\/2024\/07\/20210830_172219-1024x768.jpg\" class=\"attachment-large size-large wp-image-397\" alt=\"\" srcset=\"https:\/\/estudiomaurocarrizo.cl\/wp-content\/uploads\/2024\/07\/20210830_172219-1024x768.jpg 1024w, https:\/\/estudiomaurocarrizo.cl\/wp-content\/uploads\/2024\/07\/20210830_172219-300x225.jpg 300w, https:\/\/estudiomaurocarrizo.cl\/wp-content\/uploads\/2024\/07\/20210830_172219-768x576.jpg 768w, https:\/\/estudiomaurocarrizo.cl\/wp-content\/uploads\/2024\/07\/20210830_172219-1536x1152.jpg 1536w, https:\/\/estudiomaurocarrizo.cl\/wp-content\/uploads\/2024\/07\/20210830_172219-2048x1536.jpg 2048w\" sizes=\"(max-width: 1024px) 100vw, 1024px\" \/>\t\t\t\t\t\t\t\t\t\t\t\t\t<\/div>\n\t\t\t\t<\/div>\n\t\t\t\t\t<\/div>\n\t\t\t\t<\/div>\n\t\t<div class=\"elementor-element elementor-element-c9e32f9 e-flex e-con-boxed e-con e-parent\" data-id=\"c9e32f9\" data-element_type=\"container\">\n\t\t\t\t\t<div class=\"e-con-inner\">\n\t\t\t\t<div class=\"elementor-element elementor-element-4be29ee elementor-widget elementor-widget-text-editor\" data-id=\"4be29ee\" data-element_type=\"widget\" data-widget_type=\"text-editor.default\">\n\t\t\t\t<div class=\"elementor-widget-container\">\n\t\t\t\t\t\t\t<p>Pronto m\u00e1s informaci\u00f3n.<\/p>\t\t\t\t\t\t<\/div>\n\t\t\t\t<\/div>\n\t\t\t\t\t<\/div>\n\t\t\t\t<\/div>\n\t\t<div class=\"elementor-element elementor-element-7e5568b e-flex e-con-boxed e-con e-parent\" data-id=\"7e5568b\" data-element_type=\"container\">\n\t\t\t\t\t<div class=\"e-con-inner\">\n\t\t\t\t<div class=\"elementor-element elementor-element-d5c37b8 elementor-widget elementor-widget-image\" data-id=\"d5c37b8\" data-element_type=\"widget\" data-widget_type=\"image.default\">\n\t\t\t\t<div class=\"elementor-widget-container\">\n\t\t\t\t\t\t\t\t\t\t\t\t\t<img loading=\"lazy\" decoding=\"async\" width=\"1024\" height=\"768\" src=\"https:\/\/estudiomaurocarrizo.cl\/wp-content\/uploads\/2024\/07\/20210805_134743-1024x768.jpg\" class=\"attachment-large size-large wp-image-269\" alt=\"\" srcset=\"https:\/\/estudiomaurocarrizo.cl\/wp-content\/uploads\/2024\/07\/20210805_134743-1024x768.jpg 1024w, https:\/\/estudiomaurocarrizo.cl\/wp-content\/uploads\/2024\/07\/20210805_134743-300x225.jpg 300w, https:\/\/estudiomaurocarrizo.cl\/wp-content\/uploads\/2024\/07\/20210805_134743-768x576.jpg 768w, https:\/\/estudiomaurocarrizo.cl\/wp-content\/uploads\/2024\/07\/20210805_134743-1536x1152.jpg 1536w, https:\/\/estudiomaurocarrizo.cl\/wp-content\/uploads\/2024\/07\/20210805_134743-2048x1536.jpg 2048w\" sizes=\"(max-width: 1024px) 100vw, 1024px\" \/>\t\t\t\t\t\t\t\t\t\t\t\t\t<\/div>\n\t\t\t\t<\/div>\n\t\t\t\t\t<\/div>\n\t\t\t\t<\/div>\n\t\t\t\t<\/div>\n\t\t","protected":false},"excerpt":{"rendered":"<p>GRABACI\u00d3N MULTIPISTA \u25cf Producci\u00f3n y Asesor\u00eda \u25cf Edici\u00f3n, mezcla y masterizaci\u00f3n Pronto m\u00e1s informaci\u00f3n. Pronto m\u00e1s informaci\u00f3n. Pronto m\u00e1s informaci\u00f3n. Pronto m\u00e1s informaci\u00f3n.<\/p>\n","protected":false},"author":1,"featured_media":0,"parent":0,"menu_order":0,"comment_status":"closed","ping_status":"closed","template":"","meta":{"_joinchat":[],"footnotes":""},"class_list":["post-361","page","type-page","status-publish","hentry"],"jetpack_sharing_enabled":true,"_links":{"self":[{"href":"https:\/\/estudiomaurocarrizo.cl\/index.php\/wp-json\/wp\/v2\/pages\/361","targetHints":{"allow":["GET"]}}],"collection":[{"href":"https:\/\/estudiomaurocarrizo.cl\/index.php\/wp-json\/wp\/v2\/pages"}],"about":[{"href":"https:\/\/estudiomaurocarrizo.cl\/index.php\/wp-json\/wp\/v2\/types\/page"}],"author":[{"embeddable":true,"href":"https:\/\/estudiomaurocarrizo.cl\/index.php\/wp-json\/wp\/v2\/users\/1"}],"replies":[{"embeddable":true,"href":"https:\/\/estudiomaurocarrizo.cl\/index.php\/wp-json\/wp\/v2\/comments?post=361"}],"version-history":[{"count":34,"href":"https:\/\/estudiomaurocarrizo.cl\/index.php\/wp-json\/wp\/v2\/pages\/361\/revisions"}],"predecessor-version":[{"id":991,"href":"https:\/\/estudiomaurocarrizo.cl\/index.php\/wp-json\/wp\/v2\/pages\/361\/revisions\/991"}],"wp:attachment":[{"href":"https:\/\/estudiomaurocarrizo.cl\/index.php\/wp-json\/wp\/v2\/media?parent=361"}],"curies":[{"name":"wp","href":"https:\/\/api.w.org\/{rel}","templated":true}]}}