{"id":365,"date":"2024-07-02T02:14:27","date_gmt":"2024-07-02T02:14:27","guid":{"rendered":"https:\/\/estudiomaurocarrizo.cl\/?page_id=365"},"modified":"2026-03-26T21:21:09","modified_gmt":"2026-03-26T21:21:09","slug":"musico-de-sesion","status":"publish","type":"page","link":"https:\/\/estudiomaurocarrizo.cl\/index.php\/musico-de-sesion\/","title":{"rendered":"M\u00fasico de Sesi\u00f3n"},"content":{"rendered":"\t\t<div data-elementor-type=\"wp-page\" data-elementor-id=\"365\" class=\"elementor elementor-365\">\n\t\t\t\t<div class=\"elementor-element elementor-element-1e0af94 e-flex e-con-boxed e-con e-parent\" data-id=\"1e0af94\" data-element_type=\"container\">\n\t\t\t\t\t<div class=\"e-con-inner\">\n\t\t\t\t<div class=\"elementor-element elementor-element-fa63714 elementor-widget elementor-widget-heading\" data-id=\"fa63714\" data-element_type=\"widget\" data-widget_type=\"heading.default\">\n\t\t\t\t<div class=\"elementor-widget-container\">\n\t\t\t<style>\/*! elementor - v3.23.0 - 15-07-2024 *\/\n.elementor-heading-title{padding:0;margin:0;line-height:1}.elementor-widget-heading .elementor-heading-title[class*=elementor-size-]>a{color:inherit;font-size:inherit;line-height:inherit}.elementor-widget-heading .elementor-heading-title.elementor-size-small{font-size:15px}.elementor-widget-heading .elementor-heading-title.elementor-size-medium{font-size:19px}.elementor-widget-heading .elementor-heading-title.elementor-size-large{font-size:29px}.elementor-widget-heading .elementor-heading-title.elementor-size-xl{font-size:39px}.elementor-widget-heading .elementor-heading-title.elementor-size-xxl{font-size:59px}<\/style><h2 class=\"elementor-heading-title elementor-size-default\">M\u00daSICO DE SESI\u00d3N<\/h2>\t\t<\/div>\n\t\t\t\t<\/div>\n\t\t\t\t<div class=\"elementor-element elementor-element-65c6373 elementor-widget elementor-widget-text-editor\" data-id=\"65c6373\" data-element_type=\"widget\" data-widget_type=\"text-editor.default\">\n\t\t\t\t<div class=\"elementor-widget-container\">\n\t\t\t<style>\/*! elementor - v3.23.0 - 15-07-2024 *\/\n.elementor-widget-text-editor.elementor-drop-cap-view-stacked .elementor-drop-cap{background-color:#69727d;color:#fff}.elementor-widget-text-editor.elementor-drop-cap-view-framed .elementor-drop-cap{color:#69727d;border:3px solid;background-color:transparent}.elementor-widget-text-editor:not(.elementor-drop-cap-view-default) .elementor-drop-cap{margin-top:8px}.elementor-widget-text-editor:not(.elementor-drop-cap-view-default) .elementor-drop-cap-letter{width:1em;height:1em}.elementor-widget-text-editor .elementor-drop-cap{float:left;text-align:center;line-height:1;font-size:50px}.elementor-widget-text-editor .elementor-drop-cap-letter{display:inline-block}<\/style>\t\t\t\t<p><em>Con una experiencia musical de m\u00e1s de 30 a\u00f1os, Mauro Carrizo tambi\u00e9n ofrece sus servicios como m\u00fasico de sesi\u00f3n para la grabaci\u00f3n de todas tus canciones, en guitarras, bajo y teclados. Cu\u00e9ntanos cual es tu proyecto para asesorarte en todo el proceso.<\/em><\/p>\t\t\t\t\t\t<\/div>\n\t\t\t\t<\/div>\n\t\t\t\t\t<\/div>\n\t\t\t\t<\/div>\n\t\t<div class=\"elementor-element elementor-element-dc31956 e-flex e-con-boxed e-con e-parent\" data-id=\"dc31956\" data-element_type=\"container\">\n\t\t\t\t\t<div class=\"e-con-inner\">\n\t\t\t\t<div class=\"elementor-element elementor-element-ce28393 elementor-widget elementor-widget-image\" data-id=\"ce28393\" data-element_type=\"widget\" data-widget_type=\"image.default\">\n\t\t\t\t<div class=\"elementor-widget-container\">\n\t\t\t<style>\/*! elementor - v3.23.0 - 15-07-2024 *\/\n.elementor-widget-image{text-align:center}.elementor-widget-image a{display:inline-block}.elementor-widget-image a img[src$=\".svg\"]{width:48px}.elementor-widget-image img{vertical-align:middle;display:inline-block}<\/style>\t\t\t\t\t\t\t\t\t\t<img fetchpriority=\"high\" decoding=\"async\" width=\"1021\" height=\"1024\" src=\"https:\/\/estudiomaurocarrizo.cl\/wp-content\/uploads\/2024\/07\/Screenshot_20230612-225249_Instagram-1021x1024.jpg\" class=\"attachment-large size-large wp-image-234\" alt=\"\" srcset=\"https:\/\/estudiomaurocarrizo.cl\/wp-content\/uploads\/2024\/07\/Screenshot_20230612-225249_Instagram-1021x1024.jpg 1021w, https:\/\/estudiomaurocarrizo.cl\/wp-content\/uploads\/2024\/07\/Screenshot_20230612-225249_Instagram-300x300.jpg 300w, https:\/\/estudiomaurocarrizo.cl\/wp-content\/uploads\/2024\/07\/Screenshot_20230612-225249_Instagram-150x150.jpg 150w, https:\/\/estudiomaurocarrizo.cl\/wp-content\/uploads\/2024\/07\/Screenshot_20230612-225249_Instagram-768x770.jpg 768w, https:\/\/estudiomaurocarrizo.cl\/wp-content\/uploads\/2024\/07\/Screenshot_20230612-225249_Instagram.jpg 1078w\" sizes=\"(max-width: 1021px) 100vw, 1021px\" \/>\t\t\t\t\t\t\t\t\t\t\t\t\t<\/div>\n\t\t\t\t<\/div>\n\t\t\t\t\t<\/div>\n\t\t\t\t<\/div>\n\t\t<div class=\"elementor-element elementor-element-10859e0 e-flex e-con-boxed e-con e-parent\" data-id=\"10859e0\" data-element_type=\"container\">\n\t\t\t\t\t<div class=\"e-con-inner\">\n\t\t\t\t<div class=\"elementor-element elementor-element-ed6569a elementor-widget elementor-widget-text-editor\" data-id=\"ed6569a\" data-element_type=\"widget\" data-widget_type=\"text-editor.default\">\n\t\t\t\t<div class=\"elementor-widget-container\">\n\t\t\t\t\t\t\t<p>Noviembre 2022 FESTIVAL REC Concepci\u00f3n Chile.<\/p>\t\t\t\t\t\t<\/div>\n\t\t\t\t<\/div>\n\t\t\t\t\t<\/div>\n\t\t\t\t<\/div>\n\t\t<div class=\"elementor-element elementor-element-a69cf25 e-flex e-con-boxed e-con e-parent\" data-id=\"a69cf25\" data-element_type=\"container\">\n\t\t\t\t\t<div class=\"e-con-inner\">\n\t\t\t\t<div class=\"elementor-element elementor-element-3620dec elementor-widget elementor-widget-image\" data-id=\"3620dec\" data-element_type=\"widget\" data-widget_type=\"image.default\">\n\t\t\t\t<div class=\"elementor-widget-container\">\n\t\t\t\t\t\t\t\t\t\t\t\t\t<img decoding=\"async\" width=\"1024\" height=\"1024\" src=\"https:\/\/estudiomaurocarrizo.cl\/wp-content\/uploads\/2024\/07\/1673830443623-1024x1024.webp\" class=\"attachment-large size-large wp-image-387\" alt=\"\" srcset=\"https:\/\/estudiomaurocarrizo.cl\/wp-content\/uploads\/2024\/07\/1673830443623-1024x1024.webp 1024w, https:\/\/estudiomaurocarrizo.cl\/wp-content\/uploads\/2024\/07\/1673830443623-300x300.webp 300w, https:\/\/estudiomaurocarrizo.cl\/wp-content\/uploads\/2024\/07\/1673830443623-150x150.webp 150w, https:\/\/estudiomaurocarrizo.cl\/wp-content\/uploads\/2024\/07\/1673830443623-768x768.webp 768w, https:\/\/estudiomaurocarrizo.cl\/wp-content\/uploads\/2024\/07\/1673830443623-1536x1536.webp 1536w, https:\/\/estudiomaurocarrizo.cl\/wp-content\/uploads\/2024\/07\/1673830443623.webp 1586w\" sizes=\"(max-width: 1024px) 100vw, 1024px\" \/>\t\t\t\t\t\t\t\t\t\t\t\t\t<\/div>\n\t\t\t\t<\/div>\n\t\t\t\t\t<\/div>\n\t\t\t\t<\/div>\n\t\t<div class=\"elementor-element elementor-element-0e27c99 e-flex e-con-boxed e-con e-parent\" data-id=\"0e27c99\" data-element_type=\"container\">\n\t\t\t\t\t<div class=\"e-con-inner\">\n\t\t\t\t<div class=\"elementor-element elementor-element-745fa71 elementor-widget elementor-widget-text-editor\" data-id=\"745fa71\" data-element_type=\"widget\" data-widget_type=\"text-editor.default\">\n\t\t\t\t<div class=\"elementor-widget-container\">\n\t\t\t\t\t\t\t<p>Enero 2023 FESTIVAL RA\u00cdCES Concepci\u00f3n Chile<\/p>\t\t\t\t\t\t<\/div>\n\t\t\t\t<\/div>\n\t\t\t\t\t<\/div>\n\t\t\t\t<\/div>\n\t\t<div class=\"elementor-element elementor-element-5fad9b0 e-flex e-con-boxed e-con e-parent\" data-id=\"5fad9b0\" data-element_type=\"container\">\n\t\t\t\t\t<div class=\"e-con-inner\">\n\t\t\t\t<div class=\"elementor-element elementor-element-a2f57f4 elementor-widget elementor-widget-image\" data-id=\"a2f57f4\" data-element_type=\"widget\" data-widget_type=\"image.default\">\n\t\t\t\t<div class=\"elementor-widget-container\">\n\t\t\t\t\t\t\t\t\t\t\t\t\t<img decoding=\"async\" width=\"1024\" height=\"739\" src=\"https:\/\/estudiomaurocarrizo.cl\/wp-content\/uploads\/2024\/07\/IMG_33211-1024x739.jpg\" class=\"attachment-large size-large wp-image-254\" alt=\"\" srcset=\"https:\/\/estudiomaurocarrizo.cl\/wp-content\/uploads\/2024\/07\/IMG_33211-1024x739.jpg 1024w, https:\/\/estudiomaurocarrizo.cl\/wp-content\/uploads\/2024\/07\/IMG_33211-300x217.jpg 300w, https:\/\/estudiomaurocarrizo.cl\/wp-content\/uploads\/2024\/07\/IMG_33211-768x555.jpg 768w, https:\/\/estudiomaurocarrizo.cl\/wp-content\/uploads\/2024\/07\/IMG_33211-1536x1109.jpg 1536w, https:\/\/estudiomaurocarrizo.cl\/wp-content\/uploads\/2024\/07\/IMG_33211-2048x1479.jpg 2048w\" sizes=\"(max-width: 1024px) 100vw, 1024px\" \/>\t\t\t\t\t\t\t\t\t\t\t\t\t<\/div>\n\t\t\t\t<\/div>\n\t\t\t\t\t<\/div>\n\t\t\t\t<\/div>\n\t\t<div class=\"elementor-element elementor-element-4f3be75 e-flex e-con-boxed e-con e-parent\" data-id=\"4f3be75\" data-element_type=\"container\">\n\t\t\t\t\t<div class=\"e-con-inner\">\n\t\t\t\t<div class=\"elementor-element elementor-element-f5be4ed elementor-widget elementor-widget-text-editor\" data-id=\"f5be4ed\" data-element_type=\"widget\" data-widget_type=\"text-editor.default\">\n\t\t\t\t<div class=\"elementor-widget-container\">\n\t\t\t\t\t\t\t<p>A\u00f1o 2008 TEATRO TELET\u00d3N Santiago Chile<\/p>\t\t\t\t\t\t<\/div>\n\t\t\t\t<\/div>\n\t\t\t\t\t<\/div>\n\t\t\t\t<\/div>\n\t\t<div class=\"elementor-element elementor-element-d993e20 e-flex e-con-boxed e-con e-parent\" data-id=\"d993e20\" data-element_type=\"container\">\n\t\t\t\t\t<div class=\"e-con-inner\">\n\t\t\t\t<div class=\"elementor-element elementor-element-0f96870 elementor-widget elementor-widget-image\" data-id=\"0f96870\" data-element_type=\"widget\" data-widget_type=\"image.default\">\n\t\t\t\t<div class=\"elementor-widget-container\">\n\t\t\t\t\t\t\t\t\t\t\t\t\t<img loading=\"lazy\" decoding=\"async\" width=\"567\" height=\"802\" src=\"https:\/\/estudiomaurocarrizo.cl\/wp-content\/uploads\/2024\/07\/001.jpg\" class=\"attachment-large size-large wp-image-390\" alt=\"\" srcset=\"https:\/\/estudiomaurocarrizo.cl\/wp-content\/uploads\/2024\/07\/001.jpg 567w, https:\/\/estudiomaurocarrizo.cl\/wp-content\/uploads\/2024\/07\/001-212x300.jpg 212w\" sizes=\"(max-width: 567px) 100vw, 567px\" \/>\t\t\t\t\t\t\t\t\t\t\t\t\t<\/div>\n\t\t\t\t<\/div>\n\t\t\t\t\t<\/div>\n\t\t\t\t<\/div>\n\t\t<div class=\"elementor-element elementor-element-31b472d e-flex e-con-boxed e-con e-parent\" data-id=\"31b472d\" data-element_type=\"container\">\n\t\t\t\t\t<div class=\"e-con-inner\">\n\t\t\t\t<div class=\"elementor-element elementor-element-27ffc0e e-transform elementor-widget elementor-widget-image\" data-id=\"27ffc0e\" data-element_type=\"widget\" data-settings=\"{&quot;_transform_scale_effect&quot;:{&quot;unit&quot;:&quot;px&quot;,&quot;size&quot;:&quot;&quot;,&quot;sizes&quot;:[]},&quot;_transform_scale_effect_tablet&quot;:{&quot;unit&quot;:&quot;px&quot;,&quot;size&quot;:&quot;&quot;,&quot;sizes&quot;:[]},&quot;_transform_scale_effect_mobile&quot;:{&quot;unit&quot;:&quot;px&quot;,&quot;size&quot;:&quot;&quot;,&quot;sizes&quot;:[]}}\" data-widget_type=\"image.default\">\n\t\t\t\t<div class=\"elementor-widget-container\">\n\t\t\t\t\t\t\t\t\t\t\t\t\t<img loading=\"lazy\" decoding=\"async\" width=\"1024\" height=\"768\" src=\"https:\/\/estudiomaurocarrizo.cl\/wp-content\/uploads\/2024\/07\/20230320_204022-1024x768.jpg\" class=\"attachment-large size-large wp-image-391\" alt=\"\" srcset=\"https:\/\/estudiomaurocarrizo.cl\/wp-content\/uploads\/2024\/07\/20230320_204022-1024x768.jpg 1024w, https:\/\/estudiomaurocarrizo.cl\/wp-content\/uploads\/2024\/07\/20230320_204022-300x225.jpg 300w, https:\/\/estudiomaurocarrizo.cl\/wp-content\/uploads\/2024\/07\/20230320_204022-768x576.jpg 768w, https:\/\/estudiomaurocarrizo.cl\/wp-content\/uploads\/2024\/07\/20230320_204022-1536x1152.jpg 1536w, https:\/\/estudiomaurocarrizo.cl\/wp-content\/uploads\/2024\/07\/20230320_204022-2048x1536.jpg 2048w\" sizes=\"(max-width: 1024px) 100vw, 1024px\" \/>\t\t\t\t\t\t\t\t\t\t\t\t\t<\/div>\n\t\t\t\t<\/div>\n\t\t\t\t\t<\/div>\n\t\t\t\t<\/div>\n\t\t\t\t<\/div>\n\t\t","protected":false},"excerpt":{"rendered":"<p>M\u00daSICO DE SESI\u00d3N Con una experiencia musical de m\u00e1s de 30 a\u00f1os, Mauro Carrizo tambi\u00e9n ofrece sus servicios como m\u00fasico de sesi\u00f3n para la grabaci\u00f3n de todas tus canciones, en guitarras, bajo y teclados. Cu\u00e9ntanos cual es tu proyecto para asesorarte en todo el proceso. Noviembre 2022 FESTIVAL REC Concepci\u00f3n Chile. Enero 2023 FESTIVAL RA\u00cdCES [&hellip;]<\/p>\n","protected":false},"author":1,"featured_media":0,"parent":0,"menu_order":0,"comment_status":"closed","ping_status":"closed","template":"","meta":{"_joinchat":[],"footnotes":""},"class_list":["post-365","page","type-page","status-publish","hentry"],"jetpack_sharing_enabled":true,"_links":{"self":[{"href":"https:\/\/estudiomaurocarrizo.cl\/index.php\/wp-json\/wp\/v2\/pages\/365","targetHints":{"allow":["GET"]}}],"collection":[{"href":"https:\/\/estudiomaurocarrizo.cl\/index.php\/wp-json\/wp\/v2\/pages"}],"about":[{"href":"https:\/\/estudiomaurocarrizo.cl\/index.php\/wp-json\/wp\/v2\/types\/page"}],"author":[{"embeddable":true,"href":"https:\/\/estudiomaurocarrizo.cl\/index.php\/wp-json\/wp\/v2\/users\/1"}],"replies":[{"embeddable":true,"href":"https:\/\/estudiomaurocarrizo.cl\/index.php\/wp-json\/wp\/v2\/comments?post=365"}],"version-history":[{"count":27,"href":"https:\/\/estudiomaurocarrizo.cl\/index.php\/wp-json\/wp\/v2\/pages\/365\/revisions"}],"predecessor-version":[{"id":985,"href":"https:\/\/estudiomaurocarrizo.cl\/index.php\/wp-json\/wp\/v2\/pages\/365\/revisions\/985"}],"wp:attachment":[{"href":"https:\/\/estudiomaurocarrizo.cl\/index.php\/wp-json\/wp\/v2\/media?parent=365"}],"curies":[{"name":"wp","href":"https:\/\/api.w.org\/{rel}","templated":true}]}}